{"id":158,"date":"2019-01-04T12:04:06","date_gmt":"2019-01-04T12:04:06","guid":{"rendered":"https:\/\/hardy.gr\/network\/"},"modified":"2019-01-17T14:10:29","modified_gmt":"2019-01-17T14:10:29","slug":"netzwerk","status":"publish","type":"page","link":"https:\/\/hardy.gr\/de\/netzwerk\/","title":{"rendered":"NETZWERK"},"content":{"rendered":"[vc_row parallax=&#8220;content-moving&#8220; parallax_image=&#8220;111&#8243;][vc_column][vc_column_text align=&#8220;center&#8220; css=&#8220;.vc_custom_1546858397750{margin-bottom: 0px !important;padding-top: 60px !important;padding-bottom: 50px !important;}&#8220;]\n<h1><span style=\"color: #ffffff;\">NETZWERK<\/span><\/h1>\n[\/vc_column_text][\/vc_column][\/vc_row][vc_row][vc_column][vc_empty_space][\/vc_column][\/vc_row][vc_row][vc_column][vc_column_text css=&#8220;.vc_custom_1547733965819{margin-bottom: 0px !important;}&#8220;]\n<h2 style=\"text-align: center;\">PARTNERN<\/h2>\n<p>Wir haben in den letzten f\u00fcnf Jahrzehnten ein internationales Beziehungsnetz aufgebaut, das sich auf dem Verst\u00e4ndnis beruht, dass Gesch\u00e4ftsbeziehungen auf h\u00f6chster Ebene Vertrauen erfordern. Dies hat uns erm\u00f6glicht, Einzelpersonen, Unternehmer, Fachleute und Firmen auf verschiedenen Kontinenten zu einem einzigartigen Netzwerk f\u00fcr Kreuzfahrtschiffen Versorgungen zusammenzubringen.<\/p>\n<p>Um langj\u00e4hrige Beziehungen aufzubauen, stellen wir sicher, dass regelm\u00e4\u00dfige Folgem\u00f6glichkeiten zwischen unseren Kunden und den Parteien bestehen, denen wir sie vorstellen. Wir unterst\u00fctzen die konsequente Kommunikation und den Informationsaustausch zwischen unseren Netzwerkmitgliedern und st\u00e4rken ihre Gesch\u00e4ftsbeziehungen.<\/p>\n<h4 style=\"text-align: center;\"><a href=\"https:\/\/www.ecolab.com\/\"><img loading=\"lazy\" decoding=\"async\" class=\"aligncenter wp-image-126\" style=\"margin-bottom: 0px;\" src=\"https:\/\/hardy.gr\/wp-content\/uploads\/2019\/01\/ecolab.png\" alt=\"\" width=\"116\" height=\"42\" srcset=\"https:\/\/hardy.gr\/wp-content\/uploads\/2019\/01\/ecolab.png 496w, https:\/\/hardy.gr\/wp-content\/uploads\/2019\/01\/ecolab-300x109.png 300w\" sizes=\"(max-width: 116px) 100vw, 116px\" \/><\/a>Vertriebsh\u00e4ndler und Durchgangslagerhaus von \u0395co\u0399ab Inc. USA in Griechenland<\/h4>\n<p style=\"text-align: center;\">Ecolab ist der weltweit f\u00fchrende Anbieter von Wasser, Hygiene und Energietechnologien &amp; Dienstleistungen. Auf der ganzen Welt entscheiden sich Unternehmen in den Bereichen Foodservice, Lebensmittelverarbeitung, Gastgewerbe, Gesundheitswesen, Industrie, \u00d6l und Gas f\u00fcr Produkte und Dienstleistungen von Ecolab, um ihre Umwelt sauber und sicher zu halten, um effizient zu arbeiten und um Nachhaltigkeitsziele zu erreichen.<\/p>\n[\/vc_column_text][\/vc_column][\/vc_row][vc_row][vc_column][vc_empty_space][\/vc_column][\/vc_row][vc_row][vc_column][vc_column_text css=&#8220;.vc_custom_1546858637906{margin-bottom: 0px !important;}&#8220;]\n<h2 style=\"text-align: center;\">KUNDEN<\/h2>\n[\/vc_column_text][\/vc_column][\/vc_row][vc_row][vc_column width=&#8220;1\/3&#8243;][mk_content_box heading=&#8220;Mainstream-Kreuzfahrtschiffe&#8220; icon=&#8220;mk-moon-ship&#8220; animation=&#8220;left-to-right&#8220;][vc_column_text css=&#8220;.vc_custom_1547734052310{margin-bottom: 0px !important;}&#8220;]Der bekannteste und h\u00e4ufigste Typ, vermarktet, um den Bed\u00fcrfnissen der meisten Passagieren zu entsprechen, mit allen m\u00f6glichen Standard-Resort-Funktionen.[\/vc_column_text][\/mk_content_box][\/vc_column][vc_column width=&#8220;1\/3&#8243;][mk_content_box heading=&#8220;Mega-Kreuzfahrtschiffe&#8220; icon=&#8220;mk-moon-ship&#8220; animation=&#8220;left-to-right&#8220;][vc_column_text css=&#8220;.vc_custom_1547734067547{margin-bottom: 0px !important;}&#8220;]Sie k\u00f6nnen mehr als 5.000 Personen aufnehmen und sind derzeit die gr\u00f6\u00dften und meist fortgeschrittenen Schiffe der Welt.[\/vc_column_text][\/mk_content_box][\/vc_column][vc_column width=&#8220;1\/3&#8243;][mk_content_box heading=&#8220;Ozean-Kreuzfahrtschiffe&#8220; icon=&#8220;mk-moon-ship&#8220; animation=&#8220;left-to-right&#8220;][vc_column_text css=&#8220;.vc_custom_1547734096231{margin-bottom: 0px !important;}&#8220;]Sie sind nach den h\u00f6chsten Industrienormen gebaut und k\u00f6nnen den harten Bedingungen der Ozeanreisen bei langen internationalen Kreuzfahrten standhalten.[\/vc_column_text][\/mk_content_box][\/vc_column][\/vc_row][vc_row][vc_column width=&#8220;1\/3&#8243;][mk_content_box heading=&#8220;Luxus-Kreuzfahrtschiffe&#8220; icon=&#8220;mk-moon-ship&#8220; animation=&#8220;left-to-right&#8220;][vc_column_text css=&#8220;.vc_custom_1547734116325{margin-bottom: 0px !important;}&#8220;]Ausger\u00fcstet mit modersten technologischfortgeschrittenen nautischen Systemen, besitzen sie Standardfunktionen h\u00f6chster Qualit\u00e4t und bieten luxuri\u00f6sen Komforten.[\/vc_column_text][\/mk_content_box][\/vc_column][vc_column width=&#8220;1\/3&#8243;][mk_content_box heading=&#8220;Abenteuer Kreuzfahrtschiffe&#8220; icon=&#8220;mk-moon-ship&#8220; animation=&#8220;left-to-right&#8220;][vc_column_text css=&#8220;.vc_custom_1547734129916{margin-bottom: 0px !important;}&#8220;]Sie sind so konzipiert und besetzt, dass sie Kreuzfahrten zu abgelegenen Reisezielen unterst\u00fctzen, die f\u00fcr gr\u00f6\u00dfere Schiffe v\u00f6llig unzug\u00e4nglich sind.[\/vc_column_text][\/mk_content_box][\/vc_column][vc_column width=&#8220;1\/3&#8243;][mk_content_box heading=&#8220;Flusskreuzfahrtschiffe&#8220; icon=&#8220;mk-moon-ship&#8220; animation=&#8220;left-to-right&#8220;][vc_column_text css=&#8220;.vc_custom_1547734153232{margin-bottom: 0px !important;}&#8220;]Mit einer Kapazit\u00e4t von nicht mehr als ein paar hundert Passagieren sind sie speziell f\u00fcr die Navigation in Fl\u00fcssen und Binnenwasserstra\u00dfen konzipiert.[\/vc_column_text][\/mk_content_box][\/vc_column][\/vc_row][vc_row][vc_column width=&#8220;1\/3&#8243;][mk_content_box heading=&#8220;Schiffe &amp; Vesseln&#8220; icon=&#8220;mk-moon-ship&#8220; animation=&#8220;left-to-right&#8220;][vc_column_text css=&#8220;.vc_custom_1547734180825{margin-bottom: 0px !important;}&#8220;]Wir bedienen alle Arten von Schiffen und Vesseln, indem wir ihnen personalisierte Qualit\u00e4t Lieferkettendienstleistungen und eine genaue \u00dcberwachung ihres Betriebs bereitstellen.[\/vc_column_text][\/mk_content_box][\/vc_column][vc_column width=&#8220;1\/3&#8243;][mk_content_box heading=&#8220;Reedereien&#8220; icon=&#8220;mk-moon-ship&#8220; animation=&#8220;left-to-right&#8220;][vc_column_text css=&#8220;.vc_custom_1547734199608{margin-bottom: 0px !important;}&#8220;]Wir verwalten alle Lieferkettenbed\u00fcrfnisse und Notf\u00e4lle wichtiger Reedereien und stellen die ordnungsgem\u00e4\u00dfe Funktionalit\u00e4t ihrer Abl\u00e4ufe sicher.[\/vc_column_text][\/mk_content_box][\/vc_column][vc_column width=&#8220;1\/3&#8243;][mk_content_box heading=&#8220;Schiffsmanagementgesellschaften&#8220; icon=&#8220;mk-moon-ship&#8220; animation=&#8220;left-to-right&#8220;][vc_column_text css=&#8220;.vc_custom_1547734218929{margin-bottom: 0px !important;}&#8220;]Wir unterst\u00fctzen alle Aktivit\u00e4ten von Schiffsmanagementunternehmen, die mit der Schiffsversorgung, der Logistik und der Lagerhaltung in Verbindung stehen, entweder als ihre Berater oder als Unterauftragnehmer.[\/vc_column_text][\/mk_content_box][\/vc_column][\/vc_row][vc_row][vc_column][vc_empty_space][\/vc_column][\/vc_row]\n","protected":false},"excerpt":{"rendered":"<p>[vc_row parallax=&#8220;content-moving&#8220; parallax_image=&#8220;111&#8243;][vc_column][vc_column_text align=&#8220;center&#8220; css=&#8220;.vc_custom_1546858397750{margin-bottom: 0px !important;padding-top: 60px !important;padding-bottom: 50px !important;}&#8220;] NETZWERK [\/vc_column_text][\/vc_column][\/vc_row][vc_row][vc_column][vc_empty_space][\/vc_column][\/vc_row][vc_row][vc_column][vc_column_text css=&#8220;.vc_custom_1547733965819{margin-bottom: 0px !important;}&#8220;] PARTNERN Wir haben in den letzten f\u00fcnf Jahrzehnten ein internationales Beziehungsnetz aufgebaut, das sich auf dem Verst\u00e4ndnis beruht, dass Gesch\u00e4ftsbeziehungen auf h\u00f6chster Ebene Vertrauen erfordern. Dies hat uns erm\u00f6glicht, Einzelpersonen, Unternehmer, Fachleute und Firmen auf verschiedenen Kontinenten zu einem [&hellip;]<\/p>\n","protected":false},"author":1,"featured_media":0,"parent":0,"menu_order":0,"comment_status":"closed","ping_status":"closed","template":"","meta":{"footnotes":""},"_links":{"self":[{"href":"https:\/\/hardy.gr\/de\/wp-json\/wp\/v2\/pages\/158"}],"collection":[{"href":"https:\/\/hardy.gr\/de\/wp-json\/wp\/v2\/pages"}],"about":[{"href":"https:\/\/hardy.gr\/de\/wp-json\/wp\/v2\/types\/page"}],"author":[{"embeddable":true,"href":"https:\/\/hardy.gr\/de\/wp-json\/wp\/v2\/users\/1"}],"replies":[{"embeddable":true,"href":"https:\/\/hardy.gr\/de\/wp-json\/wp\/v2\/comments?post=158"}],"version-history":[{"count":15,"href":"https:\/\/hardy.gr\/de\/wp-json\/wp\/v2\/pages\/158\/revisions"}],"predecessor-version":[{"id":235,"href":"https:\/\/hardy.gr\/de\/wp-json\/wp\/v2\/pages\/158\/revisions\/235"}],"wp:attachment":[{"href":"https:\/\/hardy.gr\/de\/wp-json\/wp\/v2\/media?parent=158"}],"curies":[{"name":"wp","href":"https:\/\/api.w.org\/{rel}","templated":true}]}}