{"id":137,"date":"2019-01-04T11:05:14","date_gmt":"2019-01-04T11:05:14","guid":{"rendered":"https:\/\/hardy.gr\/hardy-enterprises\/"},"modified":"2019-01-17T14:04:40","modified_gmt":"2019-01-17T14:04:40","slug":"hardy-enterprises","status":"publish","type":"page","link":"https:\/\/hardy.gr\/de\/","title":{"rendered":"Hardy Enterprises"},"content":{"rendered":"[vc_row fullwidth=&#8220;true&#8220;][vc_column][mk_edge_slider first_el=&#8220;true&#8220; swiper_bg=&#8220;#ffffff&#8220; order=&#8220;ASC&#8220; full_height=&#8220;false&#8220; height=&#8220;550&#8243; animation_speed=&#8220;722&#8243; slideshow_speed=&#8220;10286&#8243; direction_nav=&#8220;round&#8220; pagination=&#8220;none&#8220; skip_arrow=&#8220;false&#8220;][\/vc_column][\/vc_row][vc_row][vc_column][vc_empty_space][\/vc_column][\/vc_row][vc_row id=&#8220;\u00dcBERUNS&#8220;][vc_column][vc_column_text align=&#8220;center&#8220; css=&#8220;.vc_custom_1547733023519{margin-bottom: 0px !important;}&#8220;]\n<h1 style=\"text-align: center;\">\u00dcber Hardy Enterprises<\/h1>\n<p>Hardy Enterprises spezialisiert sich auf die Versorgung von Kreuzfahrtschiffen und ist stolz darauf, dass sie die Kreuzfahrtbranche bestm\u00f6glich bedient. Unser langfristiges Engagement hat uns dabei geholfen, einen der angesehensten Namen nicht nur in Griechenland, sonderen auch international zu entwickeln.<br \/>\nUnser qualifiziertes und erfahrenes Personal, das von unserem experten Managementteam geleitet wird, gew\u00e4hrleistet die betriebliche Konsistenz und die professionelle Kompetenz von Hardy Enterprises.<\/p>\n<p>Als f\u00fchrender Anbieter der Kreuzfahrtvesorgungsindustrie, seit \u00fcber einem halben Jahrhundert, haben wir mit dem Wachstum des Kreuzfahrtgesch\u00e4fts in unserer Region gerechnet und den st\u00e4ndigen Bedarf an hochwertigen Offshore-Dienstleistungen erkannt. Wir haben eine langfristige Gesch\u00e4ftsbeziehung mit \u0395co\u0399ab Inc. USA aufgebaut, um als ihre offizielle Vertriebsh\u00e4ndler und Transitlager in Griechenland zu fungieren.<br \/>\nUnser Ziel ist an allen Zeiten unsere lang-gelistete Klientel, wie Reedereien, Schiffsmanagementgesellschaften und Kreuzfahrtgesch\u00e4fte, zufrieden zu stellen.[\/vc_column_text][\/vc_column][\/vc_row][vc_row][vc_column][vc_empty_space][\/vc_column][\/vc_row][vc_row parallax=&#8220;content-moving&#8220; parallax_image=&#8220;58&#8243; css=&#8220;.vc_custom_1546606837354{padding-top: 60px !important;padding-bottom: 60px !important;background-position: center;background-repeat: no-repeat !important;background-size: cover !important;}&#8220;][vc_column][vc_column_text align=&#8220;center&#8220; css=&#8220;.vc_custom_1546934473062{margin-bottom: 0px !important;}&#8220;]\n<h1 style=\"text-align: center;\"><span style=\"color: #ffffff;\">DIENSTLEISTUNGEN<\/span><\/h1>\n<h3><span style=\"color: #ffffff;\"><a style=\"color: #ffffff;\" href=\"#SCHIFFSVERSORGUNG\">Schiffsversorgung<\/a>\u00a0\u2022 <a style=\"color: #ffffff;\" href=\"#LOGISTIK\">Logistik<\/a> \u2022 <a style=\"color: #ffffff;\" href=\"#LAGERUNG\">Lagerung<\/a><\/span><\/h3>\n[\/vc_column_text][\/vc_column][\/vc_row][vc_row][vc_column][vc_empty_space][\/vc_column][\/vc_row][vc_row id=&#8220;SCHIFFSVERSORGUNG&#8220;][vc_column][vc_column_text align=&#8220;center&#8220; css=&#8220;.vc_custom_1547733112814{margin-bottom: 0px !important;}&#8220;]\n<h2 style=\"text-align: center;\">SCHIFFSVERSORGUNG<\/h2>\n<p>Wir stellen alle Arten von Versorgungen bereit, die f\u00fcr irgendwelchen Typ von Schiff erforderlich sind. Unser erfahrenes Team verwertet unsere effiziente Zustellungskette und profitiert von unseren langaufgebauten Beziehungen zu internationalen und lokalen Partnern, um die genaue vereinbarte Lieferzeit, die premium Qualit\u00e4t von Produkten und das beste Preis-Leistungs-Verh\u00e4ltnis zu befestigen. \u00dcberdies, verwalten wir Ihre Anfragen auf 24\/7\/365 Basis, um Ihre Anforderungen in Echtzeit zufrieden zu stellen.[\/vc_column_text][\/vc_column][\/vc_row][vc_row][vc_column][vc_empty_space height=&#8220;20px&#8220;][\/vc_column][\/vc_row][vc_row][vc_column width=&#8220;1\/5&#8243;][mk_icon_box icon=&#8220;mk-moon-apple-fruit&#8220; title=&#8220;Lebensmittel&#8220; font_weight=&#8220;bold&#8220; style=&#8220;boxed&#8220; icon_location=&#8220;top&#8220; icon_color=&#8220;#008676&#8243; icon_circle_color=&#8220;#ffffff&#8220; icon_circle_border_color=&#8220;#e0e0e0&#8243; txt_link_color=&#8220;#ffffff&#8220; margin=&#8220;0&#8243;][\/mk_icon_box][\/vc_column][vc_column width=&#8220;1\/5&#8243;][mk_icon_box icon=&#8220;mk-moon-glass-2&#8243; title=&#8220;Getr\u00e4nke&#8220; font_weight=&#8220;bold&#8220; style=&#8220;boxed&#8220; icon_location=&#8220;top&#8220; icon_color=&#8220;#008676&#8243; icon_circle_color=&#8220;#ffffff&#8220; icon_circle_border_color=&#8220;#e0e0e0&#8243; txt_link_color=&#8220;#ffffff&#8220; margin=&#8220;0&#8243;][\/mk_icon_box][\/vc_column][vc_column width=&#8220;1\/5&#8243;][mk_icon_box icon=&#8220;mk-li-settings&#8220; title=&#8220;Ersatzteile&#8220; font_weight=&#8220;bold&#8220; style=&#8220;boxed&#8220; icon_location=&#8220;top&#8220; icon_color=&#8220;#008676&#8243; icon_circle_color=&#8220;#ffffff&#8220; icon_circle_border_color=&#8220;#e0e0e0&#8243; txt_link_color=&#8220;#ffffff&#8220; margin=&#8220;0&#8243;][\/mk_icon_box][\/vc_column][vc_column width=&#8220;1\/5&#8243;][mk_icon_box icon=&#8220;mk-moon-cart-remove&#8220; title=&#8220;Verbrauchsmaterialien&#8220; font_weight=&#8220;bold&#8220; style=&#8220;boxed&#8220; icon_location=&#8220;top&#8220; icon_color=&#8220;#008676&#8243; icon_circle_color=&#8220;#ffffff&#8220; icon_circle_border_color=&#8220;#e0e0e0&#8243; txt_link_color=&#8220;#ffffff&#8220; margin=&#8220;0&#8243;][\/mk_icon_box][\/vc_column][vc_column width=&#8220;1\/5&#8243;][mk_icon_box icon=&#8220;mk-li-truck&#8220; title=&#8220;Versorgungen&#8220; font_weight=&#8220;bold&#8220; style=&#8220;boxed&#8220; icon_location=&#8220;top&#8220; icon_color=&#8220;#008676&#8243; icon_circle_color=&#8220;#ffffff&#8220; icon_circle_border_color=&#8220;#e0e0e0&#8243; txt_link_color=&#8220;#ffffff&#8220; margin=&#8220;0&#8243;][\/mk_icon_box][\/vc_column][\/vc_row][vc_row][vc_column][vc_empty_space height=&#8220;62px&#8220;][\/vc_column][\/vc_row][vc_row id=&#8220;LOGISTIK&#8220;][vc_column][vc_column_text align=&#8220;center&#8220; css=&#8220;.vc_custom_1546873388195{margin-bottom: 0px !important;}&#8220;]\n<h2 style=\"text-align: center;\">LOGISTIK<\/h2>\n<p>Unsere Priorit\u00e4t ist immer einen Wert von Quelle bis zum Schiff zu schaffen. In diesem Rahmen bieten wir die besten ma\u00dfgeschneiderten, erweiterbaren und anpassungsf\u00e4higen L\u00f6sungen, die selbst die komplexesten Betriebsmodelle dienen. 52 Jahren von Erfahrung erm\u00f6glichen uns, jeden neuen Trend der Kreuzfahrtbranche direkt in unserem Lieferkettenmodell zu integrieren.[\/vc_column_text][\/vc_column][\/vc_row][vc_row][vc_column][vc_empty_space height=&#8220;20px&#8220;][\/vc_column][\/vc_row][vc_row][vc_column width=&#8220;1\/5&#8243;][mk_icon_box icon=&#8220;mk-moon-link-5&#8243; title=&#8220;Versorgungskette&#8220; font_weight=&#8220;bold&#8220; style=&#8220;boxed&#8220; icon_location=&#8220;top&#8220; icon_color=&#8220;#008676&#8243; icon_circle_color=&#8220;#ffffff&#8220; icon_circle_border_color=&#8220;#e0e0e0&#8243; txt_link_color=&#8220;#ffffff&#8220; margin=&#8220;0&#8243;][\/mk_icon_box][\/vc_column][vc_column width=&#8220;1\/5&#8243;][mk_icon_box icon=&#8220;mk-li-truck&#8220; title=&#8220;Transport&#8220; font_weight=&#8220;bold&#8220; style=&#8220;boxed&#8220; icon_location=&#8220;top&#8220; icon_color=&#8220;#008676&#8243; icon_circle_color=&#8220;#ffffff&#8220; icon_circle_border_color=&#8220;#e0e0e0&#8243; txt_link_color=&#8220;#ffffff&#8220; margin=&#8220;0&#8243;][\/mk_icon_box][\/vc_column][vc_column width=&#8220;1\/5&#8243;][mk_icon_box icon=&#8220;mk-li-host&#8220; title=&#8220;Inventar&#8220; font_weight=&#8220;bold&#8220; style=&#8220;boxed&#8220; icon_location=&#8220;top&#8220; icon_color=&#8220;#008676&#8243; icon_circle_color=&#8220;#ffffff&#8220; icon_circle_border_color=&#8220;#e0e0e0&#8243; txt_link_color=&#8220;#ffffff&#8220; margin=&#8220;0&#8243;][\/mk_icon_box][\/vc_column][vc_column width=&#8220;1\/5&#8243;][mk_icon_box icon=&#8220;mk-moon-user-7&#8243; title=&#8220;Agenten&#8220; font_weight=&#8220;bold&#8220; style=&#8220;boxed&#8220; icon_location=&#8220;top&#8220; icon_color=&#8220;#008676&#8243; icon_circle_color=&#8220;#ffffff&#8220; icon_circle_border_color=&#8220;#e0e0e0&#8243; txt_link_color=&#8220;#ffffff&#8220; margin=&#8220;0&#8243;][\/mk_icon_box][\/vc_column][vc_column width=&#8220;1\/5&#8243;][mk_icon_box icon=&#8220;mk-icon-file-text-o&#8220; title=&#8220;Zoll&#8220; font_weight=&#8220;bold&#8220; style=&#8220;boxed&#8220; icon_location=&#8220;top&#8220; icon_color=&#8220;#008676&#8243; icon_circle_color=&#8220;#ffffff&#8220; icon_circle_border_color=&#8220;#e0e0e0&#8243; txt_link_color=&#8220;#ffffff&#8220; margin=&#8220;0&#8243;][\/mk_icon_box][\/vc_column][\/vc_row][vc_row][vc_column][vc_empty_space height=&#8220;70px&#8220;][\/vc_column][\/vc_row][vc_row id=&#8220;LAGERUNG&#8220;][vc_column][vc_column_text align=&#8220;center&#8220; css=&#8220;.vc_custom_1547733734360{margin-bottom: 0px !important;}&#8220;]\n<h2 style=\"text-align: center;\">LAGERUNG<\/h2>\n<p>Unsere Einrichtung befindet sich in Pir\u00e4us, dem gr\u00f6\u00dften griechischen Seehafen und einem der gr\u00f6\u00dften im Mittelmeer und in Europa. Die Qualit\u00e4t unserer Dienstleistungen hat uns erm\u00f6glicht, eine langfristige Gesch\u00e4ftsbeziehung mit \u0395co\u0399ab Inc. USA aufzubauen, um als ihre offizielle Vertriebsh\u00e4ndler und Transitlager in Griechenland zu fungieren. Wir lagern Ihre Ware ordnungsgem\u00e4\u00df in unserem sicheren Lagerhaus, durch die Verwendung von modernen Ger\u00e4ten und transportieren sie nach Bedarf zum Dock.[\/vc_column_text][\/vc_column][\/vc_row][vc_row][vc_column][vc_empty_space][\/vc_column][\/vc_row][vc_row parallax=&#8220;content-moving&#8220; parallax_image=&#8220;78&#8243; css=&#8220;.vc_custom_1546865223035{background-position: center;background-repeat: no-repeat !important;background-size: cover !important;}&#8220;][vc_column][vc_column_text css=&#8220;.vc_custom_1546857044560{margin-bottom: 0px !important;padding-top: 60px !important;padding-bottom: 50px !important;}&#8220;]\n<h1 style=\"text-align: center;\"><span style=\"color: #ffffff;\">WER WIR SIND<\/span><\/h1>\n[\/vc_column_text][\/vc_column][\/vc_row][vc_row][vc_column][vc_empty_space][\/vc_column][\/vc_row][vc_row css=&#8220;.vc_custom_1546616684504{padding-left: 0px !important;}&#8220;][vc_column][vc_column_text css=&#8220;.vc_custom_1547733800989{margin-bottom: 0px !important;border-right-width: 1px !important;border-left-width: 1px !important;padding-right: 20px !important;padding-left: 20px !important;border-left-color: #757d88 !important;border-left-style: dashed !important;border-right-color: #757d88 !important;border-right-style: dashed !important;}&#8220;]Der Gr\u00fcnder, Spyros Nomicos, hat \u201cHardy Ship Suppliers\u201e in 1967 in Pir\u00e4us, Griechenland gegr\u00fcndet und hat es in einer weltweit bekannten Schiffsversorgungfirma entwickelt.<\/p>\n<p>Sein Sohn, Michael Nomicos, hat die Tradition mit der Gr\u00fcndung von \u201eHardy Marine Services\u201c in 2002 fortgesetzt und hat die Aktivit\u00e4ten der alten Firma erfolgreich erweitert.<\/p>\n<p>Der dritte in der Familienlinie, Spiros Nomicos, hat mit der Gr\u00fcndung von \u201eHardy Enterprises\u201c Logistik und Lagerung zu den angebotenen Dienstleistungen der Firma seines Vaters hinzugef\u00fcgt.<\/p>\n<p>Unser Erfolg basiert heute auf die h\u00f6chsten Qualit\u00e4tsstandards und hervorragenden Dienstleistungen in allen H\u00e4fen Griechenlands.[\/vc_column_text][\/vc_column][\/vc_row][vc_row][vc_column][vc_empty_space][\/vc_column][\/vc_row]\n","protected":false},"excerpt":{"rendered":"<p>[vc_row fullwidth=&#8220;true&#8220;][vc_column][mk_edge_slider first_el=&#8220;true&#8220; swiper_bg=&#8220;#ffffff&#8220; order=&#8220;ASC&#8220; full_height=&#8220;false&#8220; height=&#8220;550&#8243; animation_speed=&#8220;722&#8243; slideshow_speed=&#8220;10286&#8243; direction_nav=&#8220;round&#8220; pagination=&#8220;none&#8220; skip_arrow=&#8220;false&#8220;][\/vc_column][\/vc_row][vc_row][vc_column][vc_empty_space][\/vc_column][\/vc_row][vc_row id=&#8220;\u00dcBERUNS&#8220;][vc_column][vc_column_text align=&#8220;center&#8220; css=&#8220;.vc_custom_1547733023519{margin-bottom: 0px !important;}&#8220;] \u00dcber Hardy Enterprises Hardy Enterprises spezialisiert sich auf die Versorgung von Kreuzfahrtschiffen und ist stolz darauf, dass sie die Kreuzfahrtbranche bestm\u00f6glich bedient. Unser langfristiges Engagement hat uns dabei geholfen, einen der angesehensten Namen nicht nur in Griechenland, sonderen [&hellip;]<\/p>\n","protected":false},"author":1,"featured_media":0,"parent":0,"menu_order":0,"comment_status":"closed","ping_status":"open","template":"","meta":{"footnotes":""},"_links":{"self":[{"href":"https:\/\/hardy.gr\/de\/wp-json\/wp\/v2\/pages\/137"}],"collection":[{"href":"https:\/\/hardy.gr\/de\/wp-json\/wp\/v2\/pages"}],"about":[{"href":"https:\/\/hardy.gr\/de\/wp-json\/wp\/v2\/types\/page"}],"author":[{"embeddable":true,"href":"https:\/\/hardy.gr\/de\/wp-json\/wp\/v2\/users\/1"}],"replies":[{"embeddable":true,"href":"https:\/\/hardy.gr\/de\/wp-json\/wp\/v2\/comments?post=137"}],"version-history":[{"count":28,"href":"https:\/\/hardy.gr\/de\/wp-json\/wp\/v2\/pages\/137\/revisions"}],"predecessor-version":[{"id":233,"href":"https:\/\/hardy.gr\/de\/wp-json\/wp\/v2\/pages\/137\/revisions\/233"}],"wp:attachment":[{"href":"https:\/\/hardy.gr\/de\/wp-json\/wp\/v2\/media?parent=137"}],"curies":[{"name":"wp","href":"https:\/\/api.w.org\/{rel}","templated":true}]}}